{"id":1067,"date":"2021-12-17T00:13:58","date_gmt":"2021-12-17T00:13:58","guid":{"rendered":"https:\/\/www.seoconsultingalc.es\/soaluex\/?page_id=1067"},"modified":"2021-12-17T00:15:13","modified_gmt":"2021-12-17T00:15:13","slug":"politica-de-cookies","status":"publish","type":"page","link":"https:\/\/soaluex.com\/en\/politica-de-cookies\/","title":{"rendered":"Cookies policy"},"content":{"rendered":"<div data-elementor-type=\"wp-page\" data-elementor-id=\"1067\" class=\"elementor elementor-1067\" data-elementor-post-type=\"page\">\n\t\t\t\t\t\t<section class=\"elementor-section elementor-top-section elementor-element elementor-element-3bbac9f elementor-section-boxed elementor-section-height-default elementor-section-height-default\" data-id=\"3bbac9f\" data-element_type=\"section\">\n\t\t\t\t\t\t<div class=\"elementor-container elementor-column-gap-default\">\n\t\t\t\t\t<div class=\"elementor-column elementor-col-100 elementor-top-column elementor-element elementor-element-801d5ea\" data-id=\"801d5ea\" data-element_type=\"column\">\n\t\t\t<div class=\"elementor-widget-wrap elementor-element-populated\">\n\t\t\t\t\t\t<div class=\"elementor-element elementor-element-31f9aa0 elementor-widget elementor-widget-heading\" data-id=\"31f9aa0\" data-element_type=\"widget\" data-widget_type=\"heading.default\">\n\t\t\t\t<div class=\"elementor-widget-container\">\n\t\t\t\t\t<h2 class=\"elementor-heading-title elementor-size-default\">Cookies policy<\/h2>\t\t\t\t<\/div>\n\t\t\t\t<\/div>\n\t\t\t\t<div class=\"elementor-element elementor-element-b27d1e1 elementor-widget elementor-widget-text-editor\" data-id=\"b27d1e1\" data-element_type=\"widget\" data-widget_type=\"text-editor.default\">\n\t\t\t\t<div class=\"elementor-widget-container\">\n\t\t\t\t\t\t\t\t\t<p><strong>\u00bfQU\u00c9 SON LAS COOKIES?<\/strong><\/p><p>SANTA OLALLA ALUMINIOS EXTRUIDOS S.L.U. ahora en adelante SOALUEX, es responsable de la p\u00e1gina web www.soaluex.com, y utiliza cookies y\/u otros archivos de funcionalidad similar (en adelante \u201cCookies\u201d).<\/p><p>Las cookies son archivos que se crean al visitar una p\u00e1gina web o al usar una aplicaci\u00f3n y que se guardan en un directorio de registro de cookies de cada ordenador o terminal m\u00f3vil. Las cookies constituyen procedimientos autom\u00e1ticos de recogida de informaci\u00f3n relativa a las preferencias determinadas por un usuario durante su visita a un determinado sitio web con el fin de reconocerlo como usuario, personalizar su experiencia y facilitar una navegaci\u00f3n m\u00e1s r\u00e1pida.<\/p><p><strong>TIPOLOG\u00cdA DE COOKIES Y FINALIDADES DE USO<\/strong><\/p><p>La p\u00e1gina web www.soaluex.com utiliza Cookies de sesi\u00f3n y\/o Cookies persistentes que, a su vez, pueden ser Cookies propias y\/o de terceros.<\/p><p>Las Cookies de sesi\u00f3n son cookies dise\u00f1adas para recabar y almacenar datos mientras el usuario accede a una p\u00e1gina web. Se suelen emplear para almacenar informaci\u00f3n que solo interesa conservar para la prestaci\u00f3n del servicio solicitado por el usuario en una sola ocasi\u00f3n.<\/p><p>Las Cookies persistentes son un tipo de cookies en el que los datos siguen almacenados en el terminal y a los que se puede acceder y tratar durante un periodo definido por el responsable de la cookie, y que puede ir de unos minutos a varios a\u00f1os.<\/p><p>Cookies propias: Las creadas o gestionadas por el responsable de la p\u00e1gina web SOALUEX La p\u00e1gina web www.soaluex.com, utiliza Cookies propias con las siguientes finalidades:<\/p><ul><li>T\u00e9cnicas: permiten al usuario la navegaci\u00f3n la utilizaci\u00f3n de las diferentes opciones o servicios que en ella existan como, por ejemplo, controlar el tr\u00e1fico y la comunicaci\u00f3n de datos, identificar la sesi\u00f3n, acceder a partes de acceso restringido, utilizar elementos de seguridad durante la navegaci\u00f3n, almacenar contenidos.<\/li><li>Personalizaci\u00f3n: permiten al usuario acceder al servicio con algunas caracter\u00edsticas de car\u00e1cter general predefinidas en funci\u00f3n de una serie de criterios en el terminal del usuario como, por ejemplo, recordar preferencias de reproducci\u00f3n de v\u00eddeos.<\/li><\/ul><p>Cookies de terceros: Las administradas por prestadores de servicios ajenos a SOALUEX<\/p><p>A continuaci\u00f3n, se detallan tanto los terceros que pueden configurar y acceder a Cookies de su equipo, como las finalidades con las que se utiliza la informaci\u00f3n que almacenan:<\/p><p><strong>Cookies Propias<\/strong><\/p><p><strong>Origen<\/strong><\/p><p><strong>www.soaluex.com<\/strong><\/p><p><strong>Cookies de terceros<\/strong><\/p><p><strong>Origen<\/strong><\/p><p><strong>www.soaluex.com<\/strong><\/p><p><strong>_ga, _gat<\/strong>\u00a0\u2013 Persistente \u2013 Estas cookies de Google Analytics permiten obtener estad\u00edsticas del uso de SOALUEX por parte del usuario, as\u00ed como, en conjunci\u00f3n con otras cookies de tipo publicitario, ofrecerle publicidad adaptada a sus intereses y preferencias.<\/p><p><strong>instagram.com<\/strong><\/p><p><strong>csrftoken<\/strong>\u00a0\u2013 Persistente<\/p><p><strong>s_network<\/strong>\u00a0\u2013 Persistente<\/p><p><strong>mid<\/strong>\u00a0\u2013 Persistente<\/p><p><strong>rur<\/strong>\u00a0\u2013 De sesi\u00f3n<\/p><p><strong>ig_pr<\/strong>\u00a0\u2013 De sesi\u00f3n<\/p><p><strong>ig_vw<\/strong>\u00a0\u2013 De sesi\u00f3n<\/p><p><strong>google.com<\/strong><\/p><p><strong>NID<\/strong>\u00a0\u2013 Persistente \u2013 Permite el funcionamiento de ciertas funcionalidades de Google en SOALUEX, como son los mapas.<\/p><p><strong>DESACTIVACI\u00d3N Y ELIMINACI\u00d3N DE COOKIES<\/strong><\/p><p>La mayor\u00eda de navegadores web permite gestionar, en cualquier momento, las preferencias del usuario sobre el uso de las Cookies. El usuario puede ajustar su navegador para que rechace Cookies o elimine determinadas Cookies seg\u00fan su criterio<\/p><p>Para la configuraci\u00f3n de las Cookies el usuario puede acceder a:<\/p><p>Internet Explorer:\u00a0<a href=\"https:\/\/support.microsoft.com\/es-es\/help\/17442\/windows-internet-explorer-delete-manage-cookies\" target=\"_blank\" rel=\"noopener\">https:\/\/support.microsoft.com\/es-es\/help\/17442\/windows-internet-explorer-delete-manage-cookies<\/a><\/p><p>Firefox:\u00a0<a href=\"https:\/\/support.mozilla.org\/es\/kb\/habilitar-y-deshabilitar-cookies-sitios-web-rastrear-preferencias?redirectlocale=es&amp;redirectslug=habilitar-y-deshabilitar-cookies-que-los-sitios-we\" target=\"_blank\" rel=\"noopener\">https:\/\/support.mozilla.org\/es\/kb\/habilitar-y-deshabilitar-cookies-sitios-web-rastrear-preferencias?redirectlocale=es&amp;redirectslug=habilitar-y-deshabilitar-cookies-que-los-sitios-we<\/a><\/p><p>Chrome:\u00a0<a href=\"https:\/\/support.google.com\/chrome\/answer\/95647?hl=es\" target=\"_blank\" rel=\"noopener\">https:\/\/support.google.com\/chrome\/answer\/95647?hl=es<\/a><\/p><p>Edge:\u00a0<a href=\"https:\/\/privacy.microsoft.com\/es-ES\/windows-10-microsoft-edge-and-privacy\" target=\"_blank\" rel=\"noopener\">https:\/\/privacy.microsoft.com\/es-ES\/windows-10-microsoft-edge-and-privacy<\/a><\/p><p>Safari:\u00a0<a href=\"https:\/\/support.apple.com\/es-es\/HT201265\" target=\"_blank\" rel=\"noopener\">https:\/\/support.apple.com\/es-es\/HT201265<\/a><\/p><p>Opera:\u00a0<a href=\"http:\/\/help.opera.com\/Linux\/10.60\/es-ES\/cookies.html\" target=\"_blank\" rel=\"noopener\">http:\/\/help.opera.com\/Linux\/10.60\/es-ES\/cookies.html<\/a><\/p><p>El usuario puede revocar su consentimiento para el uso de Cookies en su navegador a trav\u00e9s de las indicaciones anteriores o a trav\u00e9s de la instalaci\u00f3n de un sistema de rechazo, (\u201copt-out\u201d) en su navegador web.<\/p><p>En el caso de las Cookies de Google Analytics, el opt-out puede realizarse a trav\u00e9s del\u00a0<a href=\"https:\/\/tools.google.com\/dlpage\/gaoptout?hl=None\" target=\"_blank\" rel=\"noopener\">siguiente enlace<\/a>.<\/p><p>El usuario debe tener en cuenta que algunas caracter\u00edsticas de los contenidos de la P\u00e1gina Web www.soaluex.com solo est\u00e1n disponibles si se permite la instalaci\u00f3n de Cookies en su navegador. Si decide no aceptar o bloquear determinadas Cookies (en funci\u00f3n de su finalidad), puede que esto afecte, total o parcialmente, al funcionamiento normal de la P\u00e1gina Web o que impida el acceso a algunos servicios de la misma.<\/p><p><strong>ACTUALIZACIONES Y CAMBIOS EN LA POL\u00cdTICA DE COOKIES<\/strong><\/p><p>SOALUEX puede modificar esta Pol\u00edtica de Cookies en funci\u00f3n de nuevas exigencias legislativas, reglamentarias, o con la finalidad de adaptar dicha pol\u00edtica a las instrucciones dictadas por la Agencia Espa\u00f1ola de Protecci\u00f3n de Datos.<\/p><p>Si desea m\u00e1s informaci\u00f3n sobre qu\u00e9 uso hacemos de las Cookies, puede enviarnos un e-mail a info@soaluex.es<\/p>\t\t\t\t\t\t\t\t<\/div>\n\t\t\t\t<\/div>\n\t\t\t\t\t<\/div>\n\t\t<\/div>\n\t\t\t\t\t<\/div>\n\t\t<\/section>\n\t\t\t\t<\/div>","protected":false},"excerpt":{"rendered":"<p>Pol\u00edtica de Cookies \u00bfQU\u00c9 SON LAS COOKIES? SANTA OLALLA ALUMINIOS EXTRUIDOS S.L.U. ahora en adelante SOALUEX, es responsable de la [&hellip;]<\/p>","protected":false},"author":1,"featured_media":0,"parent":0,"menu_order":0,"comment_status":"closed","ping_status":"closed","template":"","meta":{"om_disable_all_campaigns":false,"_mi_skip_tracking":false,"footnotes":""},"class_list":["post-1067","page","type-page","status-publish","hentry"],"_links":{"self":[{"href":"https:\/\/soaluex.com\/en\/wp-json\/wp\/v2\/pages\/1067","targetHints":{"allow":["GET"]}}],"collection":[{"href":"https:\/\/soaluex.com\/en\/wp-json\/wp\/v2\/pages"}],"about":[{"href":"https:\/\/soaluex.com\/en\/wp-json\/wp\/v2\/types\/page"}],"author":[{"embeddable":true,"href":"https:\/\/soaluex.com\/en\/wp-json\/wp\/v2\/users\/1"}],"replies":[{"embeddable":true,"href":"https:\/\/soaluex.com\/en\/wp-json\/wp\/v2\/comments?post=1067"}],"version-history":[{"count":7,"href":"https:\/\/soaluex.com\/en\/wp-json\/wp\/v2\/pages\/1067\/revisions"}],"predecessor-version":[{"id":1074,"href":"https:\/\/soaluex.com\/en\/wp-json\/wp\/v2\/pages\/1067\/revisions\/1074"}],"wp:attachment":[{"href":"https:\/\/soaluex.com\/en\/wp-json\/wp\/v2\/media?parent=1067"}],"curies":[{"name":"wp","href":"https:\/\/api.w.org\/{rel}","templated":true}]}}